{"id":15310,"date":"2021-03-30T13:19:32","date_gmt":"2021-03-30T11:19:32","guid":{"rendered":"https:\/\/test-schloesser-dichtungen.de\/legal-information\/"},"modified":"2026-04-07T17:13:04","modified_gmt":"2026-04-07T15:13:04","slug":"legal-information","status":"publish","type":"page","link":"https:\/\/schloesser-dichtungen.de\/en\/legal-information\/","title":{"rendered":"Legal information"},"content":{"rendered":"\t\t<div data-elementor-type=\"wp-page\" data-elementor-id=\"15310\" class=\"elementor elementor-15310 elementor-32\" data-elementor-post-type=\"page\">\n\t\t\t\t\t\t<section class=\"elementor-section elementor-top-section elementor-element elementor-element-5b8caf6 elementor-section-boxed elementor-section-height-default elementor-section-height-default\" data-id=\"5b8caf6\" data-element_type=\"section\" data-e-type=\"section\">\n\t\t\t\t\t\t<div class=\"elementor-container elementor-column-gap-default\">\n\t\t\t\t\t<div class=\"elementor-column elementor-col-100 elementor-top-column elementor-element elementor-element-c6130e5\" data-id=\"c6130e5\" data-element_type=\"column\" data-e-type=\"column\">\n\t\t\t<div class=\"elementor-widget-wrap elementor-element-populated\">\n\t\t\t\t\t\t<div class=\"elementor-element elementor-element-9a9e09f elementor-widget elementor-widget-heading\" data-id=\"9a9e09f\" data-element_type=\"widget\" data-e-type=\"widget\" data-widget_type=\"heading.default\">\n\t\t\t\t<div class=\"elementor-widget-container\">\n\t\t\t\t\t<h2 class=\"elementor-heading-title elementor-size-default\">Legal information<\/h2>\t\t\t\t<\/div>\n\t\t\t\t<\/div>\n\t\t\t\t<div class=\"elementor-element elementor-element-08b1530 elementor-widget elementor-widget-text-editor\" data-id=\"08b1530\" data-element_type=\"widget\" data-e-type=\"widget\" data-widget_type=\"text-editor.default\">\n\t\t\t\t<div class=\"elementor-widget-container\">\n\t\t\t\t\t\t\t\t\t<p><strong>Schl\u00f6sser GmbH &amp; Co. KG<\/strong><\/p><p>Wilhelmstra\u00dfe 8<br \/>88512 Mengen \/ Germany<\/p><p>Tel.: <a href=\"tel:004975726060\">+49 (0)7572 606-0<\/a><br \/>E-Mail: <a href=\"mailto:info@schloess.de\">info@schloess.de<\/a><br \/><a href=\"https:\/\/schloesser-dichtungen.de\/en\/\">www.schloesser-dichtungen.de<\/a><\/p><p>Limited partnership, Registered office Mengen<br \/>Registration court: Ulm HRA 560422<\/p><p><strong>Managing Partner:<\/strong><br \/>Manfred Bok Verwaltungs-GmbH<br \/>Registered office Mengen<br \/>Registration court: Ulm HRB 560080<\/p><p><strong>Director with power of representation:<\/strong><br \/>Rebecca Adams, Andreas Adams<\/p><p><strong>VAT ID number:<\/strong><br \/>DE 146 594 895<\/p><p><strong>Responsible for content in acc. with Section 55 (2) RStV:<\/strong><br \/>Rebecca Adams (address as above)<\/p><p><strong>Data protection officer:<\/strong><br \/>Peter Raisch (address as above)<\/p><div id=\"anchor_aceb066d_Gestaltung-und-Realisation\" class=\"elementStandard elementContent elementHeadline elementHeadline_var0\"><h4>Concept, design &amp; creation<\/h4><\/div><div class=\"elementStandard elementLink elementLink_var0\">GRUPPE DREI\u00ae GmbH<br \/>STRATEGIC MARKETING AGENCY<br \/><a href=\"https:\/\/www.gruppedrei.com\/\" target=\"_blank\" rel=\"noopener\">www.gruppedrei.com<\/a><\/div>\t\t\t\t\t\t\t\t<\/div>\n\t\t\t\t<\/div>\n\t\t\t\t\t<\/div>\n\t\t<\/div>\n\t\t\t\t\t<\/div>\n\t\t<\/section>\n\t\t\t\t<\/div>\n\t\t","protected":false},"excerpt":{"rendered":"<p>Legal information Schl\u00f6sser GmbH &amp; Co. KG Wilhelmstra\u00dfe 888512 Mengen \/ Germany Tel.: +49 (0)7572 606-0E-Mail: info@schloess.dewww.schloesser-dichtungen.de Limited partnership, Registered office MengenRegistration court: Ulm HRA 560422 Managing Partner:Manfred Bok Verwaltungs-GmbHRegistered office MengenRegistration court: Ulm HRB 560080 Director with power of representation:Rebecca Adams, Andreas Adams VAT ID number:DE 146 594 895 Responsible for content in acc. [&hellip;]<\/p>\n","protected":false},"author":2,"featured_media":0,"parent":0,"menu_order":120,"comment_status":"closed","ping_status":"closed","template":"elementor_header_footer","meta":{"_acf_changed":false,"footnotes":""},"class_list":["post-15310","page","type-page","status-publish","hentry"],"acf":[],"yoast_head":"<!-- This site is optimized with the Yoast SEO plugin v27.4 - https:\/\/yoast.com\/product\/yoast-seo-wordpress\/ -->\n<title>Legal information - Schl\u00f6sser Dichtungen | Schl\u00f6sser GmbH &amp; Co. KG<\/title>\n<meta name=\"description\" content=\"Impressum der SCHL\u00d6SSER GmbH &amp; Co. KG: Firmenanschrift, Gesch\u00e4ftsf\u00fchrung, Registerdaten und rechtliche Hinweise \u00fcbersichtlich im \u00dcberblick.\" \/>\n<meta name=\"robots\" content=\"index, follow, max-snippet:-1, max-image-preview:large, max-video-preview:-1\" \/>\n<link rel=\"canonical\" href=\"https:\/\/schloesser-dichtungen.de\/en\/legal-information\/\" \/>\n<meta property=\"og:locale\" content=\"en_US\" \/>\n<meta property=\"og:type\" content=\"article\" \/>\n<meta property=\"og:title\" content=\"Legal information - Schl\u00f6sser Dichtungen | Schl\u00f6sser GmbH &amp; Co. KG\" \/>\n<meta property=\"og:description\" content=\"Impressum der SCHL\u00d6SSER GmbH &amp; Co. KG: Firmenanschrift, Gesch\u00e4ftsf\u00fchrung, Registerdaten und rechtliche Hinweise \u00fcbersichtlich im \u00dcberblick.\" \/>\n<meta property=\"og:url\" content=\"https:\/\/schloesser-dichtungen.de\/en\/legal-information\/\" \/>\n<meta property=\"og:site_name\" content=\"Schl\u00f6sser Dichtungen | Schl\u00f6sser GmbH &amp; Co. KG\" \/>\n<meta property=\"article:publisher\" content=\"https:\/\/www.facebook.com\/schloesserdichtungen\/\" \/>\n<meta property=\"article:modified_time\" content=\"2026-04-07T15:13:04+00:00\" \/>\n<meta property=\"og:image\" content=\"https:\/\/schloesser-dichtungen.de\/wp-content\/uploads\/2021\/10\/Schloesser_00762_gebaeude.jpg\" \/>\n\t<meta property=\"og:image:width\" content=\"1000\" \/>\n\t<meta property=\"og:image:height\" content=\"600\" \/>\n\t<meta property=\"og:image:type\" content=\"image\/jpeg\" \/>\n<meta name=\"twitter:card\" content=\"summary_large_image\" \/>\n<meta name=\"twitter:label1\" content=\"Est. reading time\" \/>\n\t<meta name=\"twitter:data1\" content=\"1 minute\" \/>\n<script type=\"application\/ld+json\" class=\"yoast-schema-graph\">{\"@context\":\"https:\\\/\\\/schema.org\",\"@graph\":[{\"@type\":\"WebPage\",\"@id\":\"https:\\\/\\\/schloesser-dichtungen.de\\\/en\\\/legal-information\\\/\",\"url\":\"https:\\\/\\\/schloesser-dichtungen.de\\\/en\\\/legal-information\\\/\",\"name\":\"Legal information - Schl\u00f6sser Dichtungen | Schl\u00f6sser GmbH &amp; Co. KG\",\"isPartOf\":{\"@id\":\"https:\\\/\\\/schloesser-dichtungen.de\\\/en\\\/#website\"},\"datePublished\":\"2021-03-30T11:19:32+00:00\",\"dateModified\":\"2026-04-07T15:13:04+00:00\",\"description\":\"Impressum der SCHL\u00d6SSER GmbH & Co. KG: Firmenanschrift, Gesch\u00e4ftsf\u00fchrung, Registerdaten und rechtliche Hinweise \u00fcbersichtlich im \u00dcberblick.\",\"breadcrumb\":{\"@id\":\"https:\\\/\\\/schloesser-dichtungen.de\\\/en\\\/legal-information\\\/#breadcrumb\"},\"inLanguage\":\"en-US\",\"potentialAction\":[{\"@type\":\"ReadAction\",\"target\":[\"https:\\\/\\\/schloesser-dichtungen.de\\\/en\\\/legal-information\\\/\"]}]},{\"@type\":\"BreadcrumbList\",\"@id\":\"https:\\\/\\\/schloesser-dichtungen.de\\\/en\\\/legal-information\\\/#breadcrumb\",\"itemListElement\":[{\"@type\":\"ListItem\",\"position\":1,\"name\":\"Home\",\"item\":\"https:\\\/\\\/schloesser-dichtungen.de\\\/en\\\/\"},{\"@type\":\"ListItem\",\"position\":2,\"name\":\"Legal information\"}]},{\"@type\":\"WebSite\",\"@id\":\"https:\\\/\\\/schloesser-dichtungen.de\\\/en\\\/#website\",\"url\":\"https:\\\/\\\/schloesser-dichtungen.de\\\/en\\\/\",\"name\":\"Schl\u00f6sser Dichtungen | Schl\u00f6sser GmbH &amp; Co. KG\",\"description\":\"\",\"publisher\":{\"@id\":\"https:\\\/\\\/schloesser-dichtungen.de\\\/en\\\/#organization\"},\"potentialAction\":[{\"@type\":\"SearchAction\",\"target\":{\"@type\":\"EntryPoint\",\"urlTemplate\":\"https:\\\/\\\/schloesser-dichtungen.de\\\/en\\\/?s={search_term_string}\"},\"query-input\":{\"@type\":\"PropertyValueSpecification\",\"valueRequired\":true,\"valueName\":\"search_term_string\"}}],\"inLanguage\":\"en-US\"},{\"@type\":\"Organization\",\"@id\":\"https:\\\/\\\/schloesser-dichtungen.de\\\/en\\\/#organization\",\"name\":\"SCHL\u00d6SSER GmbH & Co. KG\",\"url\":\"https:\\\/\\\/schloesser-dichtungen.de\\\/en\\\/\",\"logo\":{\"@type\":\"ImageObject\",\"inLanguage\":\"en-US\",\"@id\":\"https:\\\/\\\/schloesser-dichtungen.de\\\/en\\\/#\\\/schema\\\/logo\\\/image\\\/\",\"url\":\"https:\\\/\\\/schloesser-dichtungen.de\\\/wp-content\\\/uploads\\\/2021\\\/03\\\/schloesser-logo.svg\",\"contentUrl\":\"https:\\\/\\\/schloesser-dichtungen.de\\\/wp-content\\\/uploads\\\/2021\\\/03\\\/schloesser-logo.svg\",\"width\":1,\"height\":1,\"caption\":\"SCHL\u00d6SSER GmbH & Co. KG\"},\"image\":{\"@id\":\"https:\\\/\\\/schloesser-dichtungen.de\\\/en\\\/#\\\/schema\\\/logo\\\/image\\\/\"},\"sameAs\":[\"https:\\\/\\\/www.facebook.com\\\/schloesserdichtungen\\\/\",\"https:\\\/\\\/www.instagram.com\\\/schloesser_dichtungen\\\/\",\"https:\\\/\\\/de.linkedin.com\\\/company\\\/schlsser-gmbh-co-kg\"]}]}<\/script>\n<!-- \/ Yoast SEO plugin. -->","yoast_head_json":{"title":"Legal information - Schl\u00f6sser Dichtungen | Schl\u00f6sser GmbH &amp; Co. KG","description":"Impressum der SCHL\u00d6SSER GmbH & Co. KG: Firmenanschrift, Gesch\u00e4ftsf\u00fchrung, Registerdaten und rechtliche Hinweise \u00fcbersichtlich im \u00dcberblick.","robots":{"index":"index","follow":"follow","max-snippet":"max-snippet:-1","max-image-preview":"max-image-preview:large","max-video-preview":"max-video-preview:-1"},"canonical":"https:\/\/schloesser-dichtungen.de\/en\/legal-information\/","og_locale":"en_US","og_type":"article","og_title":"Legal information - Schl\u00f6sser Dichtungen | Schl\u00f6sser GmbH &amp; Co. KG","og_description":"Impressum der SCHL\u00d6SSER GmbH & Co. KG: Firmenanschrift, Gesch\u00e4ftsf\u00fchrung, Registerdaten und rechtliche Hinweise \u00fcbersichtlich im \u00dcberblick.","og_url":"https:\/\/schloesser-dichtungen.de\/en\/legal-information\/","og_site_name":"Schl\u00f6sser Dichtungen | Schl\u00f6sser GmbH &amp; Co. KG","article_publisher":"https:\/\/www.facebook.com\/schloesserdichtungen\/","article_modified_time":"2026-04-07T15:13:04+00:00","og_image":[{"width":1000,"height":600,"url":"https:\/\/schloesser-dichtungen.de\/wp-content\/uploads\/2021\/10\/Schloesser_00762_gebaeude.jpg","type":"image\/jpeg"}],"twitter_card":"summary_large_image","twitter_misc":{"Est. reading time":"1 minute"},"schema":{"@context":"https:\/\/schema.org","@graph":[{"@type":"WebPage","@id":"https:\/\/schloesser-dichtungen.de\/en\/legal-information\/","url":"https:\/\/schloesser-dichtungen.de\/en\/legal-information\/","name":"Legal information - Schl\u00f6sser Dichtungen | Schl\u00f6sser GmbH &amp; Co. KG","isPartOf":{"@id":"https:\/\/schloesser-dichtungen.de\/en\/#website"},"datePublished":"2021-03-30T11:19:32+00:00","dateModified":"2026-04-07T15:13:04+00:00","description":"Impressum der SCHL\u00d6SSER GmbH & Co. KG: Firmenanschrift, Gesch\u00e4ftsf\u00fchrung, Registerdaten und rechtliche Hinweise \u00fcbersichtlich im \u00dcberblick.","breadcrumb":{"@id":"https:\/\/schloesser-dichtungen.de\/en\/legal-information\/#breadcrumb"},"inLanguage":"en-US","potentialAction":[{"@type":"ReadAction","target":["https:\/\/schloesser-dichtungen.de\/en\/legal-information\/"]}]},{"@type":"BreadcrumbList","@id":"https:\/\/schloesser-dichtungen.de\/en\/legal-information\/#breadcrumb","itemListElement":[{"@type":"ListItem","position":1,"name":"Home","item":"https:\/\/schloesser-dichtungen.de\/en\/"},{"@type":"ListItem","position":2,"name":"Legal information"}]},{"@type":"WebSite","@id":"https:\/\/schloesser-dichtungen.de\/en\/#website","url":"https:\/\/schloesser-dichtungen.de\/en\/","name":"Schl\u00f6sser Dichtungen | Schl\u00f6sser GmbH &amp; Co. KG","description":"","publisher":{"@id":"https:\/\/schloesser-dichtungen.de\/en\/#organization"},"potentialAction":[{"@type":"SearchAction","target":{"@type":"EntryPoint","urlTemplate":"https:\/\/schloesser-dichtungen.de\/en\/?s={search_term_string}"},"query-input":{"@type":"PropertyValueSpecification","valueRequired":true,"valueName":"search_term_string"}}],"inLanguage":"en-US"},{"@type":"Organization","@id":"https:\/\/schloesser-dichtungen.de\/en\/#organization","name":"SCHL\u00d6SSER GmbH & Co. KG","url":"https:\/\/schloesser-dichtungen.de\/en\/","logo":{"@type":"ImageObject","inLanguage":"en-US","@id":"https:\/\/schloesser-dichtungen.de\/en\/#\/schema\/logo\/image\/","url":"https:\/\/schloesser-dichtungen.de\/wp-content\/uploads\/2021\/03\/schloesser-logo.svg","contentUrl":"https:\/\/schloesser-dichtungen.de\/wp-content\/uploads\/2021\/03\/schloesser-logo.svg","width":1,"height":1,"caption":"SCHL\u00d6SSER GmbH & Co. KG"},"image":{"@id":"https:\/\/schloesser-dichtungen.de\/en\/#\/schema\/logo\/image\/"},"sameAs":["https:\/\/www.facebook.com\/schloesserdichtungen\/","https:\/\/www.instagram.com\/schloesser_dichtungen\/","https:\/\/de.linkedin.com\/company\/schlsser-gmbh-co-kg"]}]}},"_links":{"self":[{"href":"https:\/\/schloesser-dichtungen.de\/en\/wp-json\/wp\/v2\/pages\/15310","targetHints":{"allow":["GET"]}}],"collection":[{"href":"https:\/\/schloesser-dichtungen.de\/en\/wp-json\/wp\/v2\/pages"}],"about":[{"href":"https:\/\/schloesser-dichtungen.de\/en\/wp-json\/wp\/v2\/types\/page"}],"author":[{"embeddable":true,"href":"https:\/\/schloesser-dichtungen.de\/en\/wp-json\/wp\/v2\/users\/2"}],"replies":[{"embeddable":true,"href":"https:\/\/schloesser-dichtungen.de\/en\/wp-json\/wp\/v2\/comments?post=15310"}],"version-history":[{"count":6,"href":"https:\/\/schloesser-dichtungen.de\/en\/wp-json\/wp\/v2\/pages\/15310\/revisions"}],"predecessor-version":[{"id":17326,"href":"https:\/\/schloesser-dichtungen.de\/en\/wp-json\/wp\/v2\/pages\/15310\/revisions\/17326"}],"wp:attachment":[{"href":"https:\/\/schloesser-dichtungen.de\/en\/wp-json\/wp\/v2\/media?parent=15310"}],"curies":[{"name":"wp","href":"https:\/\/api.w.org\/{rel}","templated":true}]}}